{"id":824,"date":"2023-03-12T16:44:51","date_gmt":"2023-03-12T16:44:51","guid":{"rendered":"https:\/\/bibliosinoint.ch\/wp\/symposium-bsi-2024\/"},"modified":"2024-03-25T09:43:29","modified_gmt":"2024-03-25T09:43:29","slug":"symposium-bsi-2024","status":"publish","type":"page","link":"https:\/\/bibliosinoint.ch\/wp\/fr\/","title":{"rendered":"Autour de la Biblioth\u00e8que Sino-Internationale de Gen\u00e8ve"},"content":{"rendered":"\n<div class=\"wp-block-uagb-container uagb-block-8c27ec94 alignfull uagb-is-root-container\"><div class=\"uagb-container-inner-blocks-wrap\">\n<div class=\"wp-block-uagb-container uagb-block-4cf6a44f\">\n<div class=\"wp-block-essential-blocks-wrapper center\"><div class=\"eb-parent-wrapper eb-parent-eb-wrapper-ldtf0 \"><div class=\"eb-wrapper-outer eb-wrapper-ldtf0\"><div class=\"eb-wrapper-inner\"><div class=\"eb-wrapper-inner-blocks eb-wrapper-align-center\">\n<div class=\"wp-block-columns is-layout-flex wp-container-core-columns-is-layout-28f84493 wp-block-columns-is-layout-flex\">\n<div class=\"wp-block-column is-layout-flow wp-block-column-is-layout-flow\" style=\"flex-basis:25%\"><\/div>\n\n\n\n<div class=\"wp-block-column is-layout-flow wp-block-column-is-layout-flow\" style=\"flex-basis:50%\">\n<figure class=\"wp-block-image size-full\"><img loading=\"lazy\" decoding=\"async\" width=\"512\" height=\"512\" src=\"https:\/\/bibliosinoint.ch\/wp\/wp-content\/uploads\/2024\/03\/Qu-Lan_Exposition-BSI-512px.jpg\" alt=\"\" class=\"wp-image-970\" srcset=\"https:\/\/bibliosinoint.ch\/wp\/wp-content\/uploads\/2024\/03\/Qu-Lan_Exposition-BSI-512px.jpg 512w, https:\/\/bibliosinoint.ch\/wp\/wp-content\/uploads\/2024\/03\/Qu-Lan_Exposition-BSI-512px-300x300.jpg 300w, https:\/\/bibliosinoint.ch\/wp\/wp-content\/uploads\/2024\/03\/Qu-Lan_Exposition-BSI-512px-150x150.jpg 150w\" sizes=\"auto, (max-width: 512px) 100vw, 512px\" \/><\/figure>\n\n\n\n<p style=\"padding-top:0;padding-bottom:0;font-size:11px\">Illustration : Qu Lan.<\/p>\n<\/div>\n\n\n\n<div class=\"wp-block-column is-layout-flow wp-block-column-is-layout-flow\" style=\"flex-basis:25%\"><\/div>\n<\/div>\n\n\n<h3 style=\"padding-top:0;padding-bottom:0;margin-top:var(--wp--preset--spacing--20);margin-bottom:var(--wp--preset--spacing--20);margin-left:var(--wp--preset--spacing--20);margin-right:var(--wp--preset--spacing--20);\" class=\"has-text-align-center wp-block-post-title\">Autour de la Biblioth\u00e8que Sino-Internationale de Gen\u00e8ve<\/h3>\n\n\n<p class=\"has-text-align-center has-medium-font-size\" style=\"margin-top:var(--wp--preset--spacing--20);margin-right:var(--wp--preset--spacing--20);margin-bottom:var(--wp--preset--spacing--20);margin-left:var(--wp--preset--spacing--20)\">Symposium, exposition, spectacles<\/p>\n\n\n\n<p class=\"has-text-align-center has-medium-font-size\" style=\"margin-top:var(--wp--preset--spacing--20);margin-right:var(--wp--preset--spacing--20);margin-bottom:var(--wp--preset--spacing--20);margin-left:var(--wp--preset--spacing--20)\"><strong>Gen\u00e8ve, <\/strong><strong>avril &#8211; juin 2024<\/strong><\/p>\n<\/div><\/div><\/div><\/div><\/div>\n\n\n\n<p>Ce site, blog et wiki est consacr\u00e9 \u00e0 la <em>Biblioth\u00e8que Sino-Internationale<\/em> (BSI), une importante biblioth\u00e8que\/centre culturel actif de 1933 \u00e0 1950 \u00e0 Gen\u00e8ve, en Suisse, et de 1951 \u00e0 1993 \u00e0 Montevideo, en Uruguay. Con\u00e7ue et g\u00e9r\u00e9e par des personnalit\u00e9s chinoises, la BSI visait \u00e0 instaurer une meilleure compr\u00e9hension entre la Chine et l&rsquo;Occident. Une pr\u00e9sentation g\u00e9n\u00e9rale de la BSI est disponible <a href=\"https:\/\/en.wikipedia.org\/wiki\/Sino-International_Library\">ici<\/a>. <\/p>\n\n\n\n<div class=\"wp-block-uagb-advanced-heading uagb-block-9ffdd47e\"><h5 class=\"uagb-heading-text\"><a href=\"https:\/\/bibliosinoint.ch\/wp\/fr\/symposium-bsi-2024\/symposium\/\" data-type=\"page\" data-id=\"1011\"><strong>Symposium sur la promotion de la culture et des arts chinois, 1930-1950<\/strong><\/a><\/h5><\/div>\n\n\n\n<p>Le symposium se tiendra du 11 au 13 avril au HEM de Gen\u00e8ve, 2, rue du G\u00e9n\u00e9ral-Dufour.<br\/><a href=\"https:\/\/bibliosinoint.ch\/wp\/fr\/symposium-bsi-2024\/symposium\/participants\/\" data-type=\"page\" data-id=\"574\">Intervenants<\/a> &#8211; <a href=\"https:\/\/bibliosinoint.ch\/wp\/fr\/symposium-bsi-2024\/symposium\/programme\/\" data-type=\"page\" data-id=\"578\">Programme<\/a> &#8211; Programme au <a href=\"https:\/\/bibliosinoint.ch\/wp\/wp-content\/uploads\/2024\/03\/BSI-2024-Preliminary-Programme.pdf\">format pdf (744KB)<\/a><\/p>\n\n\n\n<div class=\"wp-block-uagb-advanced-heading uagb-block-0470dfd4\"><h5 class=\"uagb-heading-text\"><a href=\"https:\/\/bibliosinoint.ch\/wp\/fr\/symposium-bsi-2024\/symposium\/\" data-type=\"page\" data-id=\"1011\"><strong><\/strong><\/a><strong><a href=\"https:\/\/bibliosinoint.ch\/wp\/fr\/symposium-bsi-2024\/exposition\/\" data-type=\"page\" data-id=\"1012\"><strong>Exposition \u00ab\u00a0Entre traces et oubli\u00a0\u00bb<\/strong><\/a><\/strong><\/h5><\/div>\n\n\n\n<p>Une exposition pr\u00e9sentant la Biblioth\u00e8que Sino Internationale sera pr\u00e9sent\u00e9e au 2, rue du G\u00e9n\u00e9ral Dufour, du 11 avril au 30 juin 2024. <\/p>\n\n\n\n<div class=\"wp-block-uagb-advanced-heading uagb-block-cd07eb61\"><h5 class=\"uagb-heading-text\"><a href=\"https:\/\/bibliosinoint.ch\/wp\/fr\/symposium-bsi-2024\/manifestations-publiques\/\" data-type=\"page\" data-id=\"1014\"><strong>Concerts et projections de films<\/strong><\/a><\/h5><\/div>\n\n\n\n<p>Un concert de musique et de th\u00e9\u00e2tre chinois, ainsi que deux projections de films sont propos\u00e9s au public.<\/p>\n\n\n\n<p>Notre <strong><a href=\"https:\/\/bibliosinoint.ch\/wp\/fr\/blog-bsi\/\" data-type=\"page\" data-id=\"657\">blog<\/a><\/strong> aborde divers aspects fascinants de la BSI. Voici les derni\u00e8res entr\u00e9es :<\/p>\n\n\n\n\t\t\t<div class=\"wp-block-uagb-post-carousel uagb-post-grid  uagb-post__image-position-background uagb-post__image-enabled uagb-block-b7ab7b6c     uagb-post__arrow-outside uagb-slick-carousel uagb-post__items uagb-post__columns-3 is-carousel uagb-post__columns-tablet-2 uagb-post__columns-mobile-1 uagb-post__carousel_equal-height\" data-total=\"1\" style=\"\">\n\n\t\t\t\t\t\t\t\t\t\t\t\t<article class=\"uagb-post__inner-wrap\">\t\t\t\t\t\t\t\t<h5 class=\"uagb-post__title uagb-post__text\">\n\t\t\t\t<a href=\"https:\/\/bibliosinoint.ch\/wp\/fr\/2024\/04\/29\/liu-hai-su-maitre-de-la-renaissance-chinoise\/\" target=\"_self\" rel=\"bookmark noopener noreferrer\">LIU Hai-Su\u00a0: Ma\u00eetre de la Renaissance chinoise<\/a>\n\t\t\t<\/h5>\n\t\t\t\t\t\t<div class='uagb-post__text uagb-post-grid-byline'>\n\t\t\t\t\t\t\t<\/div>\n\t\t\t\t\t\t\t<div class='uagb-post__text uagb-post__excerpt'>\n\t\t\t\t\t<p>L\u2019Exposition \u00e0 la Galerie Kleinmann en 1931 \u00e0 Paris, la&#8230;\t\t\t\t<\/div>\n\t\t\t\t\t\t<div class=\"uagb-post__text uagb-post__cta wp-block-button\">\n\t\t\t\t<a class=\"wp-block-button__link uagb-text-link\" style=\"\" href=\"https:\/\/bibliosinoint.ch\/wp\/fr\/2024\/04\/29\/liu-hai-su-maitre-de-la-renaissance-chinoise\/\" target=\"_self\" rel=\"bookmark noopener noreferrer\">Lire la suite<\/a>\n\t\t\t<\/div>\n\t\t\t\t\t\t<div class='uagb-post__image'>\n\t\t\t\t\t\t\t<\/div>\n\t\t\t\n\t\t\t\t\t\t\t\t\t<\/article>\n\t\t\t\t\t\t\t\t\t\t\t\t\t\t\t\t<article class=\"uagb-post__inner-wrap\">\t\t\t\t\t\t\t\t<h5 class=\"uagb-post__title uagb-post__text\">\n\t\t\t\t<a href=\"https:\/\/bibliosinoint.ch\/wp\/fr\/2024\/01\/24\/classifications-hans-kuhn-et-jorge-luis-borges\/\" target=\"_self\" rel=\"bookmark noopener noreferrer\">Classifications, Hans Kuhn et Jorge Luis Borges<\/a>\n\t\t\t<\/h5>\n\t\t\t\t\t\t<div class='uagb-post__text uagb-post-grid-byline'>\n\t\t\t\t\t\t\t<\/div>\n\t\t\t\t\t\t\t<div class='uagb-post__text uagb-post__excerpt'>\n\t\t\t\t\t<p>Deux catalogues coexistaient \u00e0 la Biblioth\u00e8que Sino-Internationale : les livres&#8230;\t\t\t\t<\/div>\n\t\t\t\t\t\t<div class=\"uagb-post__text uagb-post__cta wp-block-button\">\n\t\t\t\t<a class=\"wp-block-button__link uagb-text-link\" style=\"\" href=\"https:\/\/bibliosinoint.ch\/wp\/fr\/2024\/01\/24\/classifications-hans-kuhn-et-jorge-luis-borges\/\" target=\"_self\" rel=\"bookmark noopener noreferrer\">Lire la suite<\/a>\n\t\t\t<\/div>\n\t\t\t\t\t\t<div class='uagb-post__image'>\n\t\t\t\t\t\t\t<\/div>\n\t\t\t\n\t\t\t\t\t\t\t\t\t<\/article>\n\t\t\t\t\t\t\t\t\t\t\t\t\t\t\t\t<article class=\"uagb-post__inner-wrap\">\t\t\t\t\t\t\t\t<h5 class=\"uagb-post__title uagb-post__text\">\n\t\t\t\t<a href=\"https:\/\/bibliosinoint.ch\/wp\/fr\/2024\/01\/23\/un-regard-critique-sur-la-bibliotheque-sino-internationale-le-point-de-vue-de-john-otway-percy-bland\/\" target=\"_self\" rel=\"bookmark noopener noreferrer\">Un regard critique sur la Biblioth\u00e8que Sino-Internationale\u00a0: le point de vue de John Otway Percy Bland<\/a>\n\t\t\t<\/h5>\n\t\t\t\t\t\t<div class='uagb-post__text uagb-post-grid-byline'>\n\t\t\t\t\t\t\t<\/div>\n\t\t\t\t\t\t\t<div class='uagb-post__text uagb-post__excerpt'>\n\t\t\t\t\t<p>Dans son article \u00ab&nbsp;Cultural Activities at Nanking&nbsp;\u00bb publi\u00e9 dans The&#8230;\t\t\t\t<\/div>\n\t\t\t\t\t\t<div class=\"uagb-post__text uagb-post__cta wp-block-button\">\n\t\t\t\t<a class=\"wp-block-button__link uagb-text-link\" style=\"\" href=\"https:\/\/bibliosinoint.ch\/wp\/fr\/2024\/01\/23\/un-regard-critique-sur-la-bibliotheque-sino-internationale-le-point-de-vue-de-john-otway-percy-bland\/\" target=\"_self\" rel=\"bookmark noopener noreferrer\">Lire la suite<\/a>\n\t\t\t<\/div>\n\t\t\t\t\t\t<div class='uagb-post__image'>\n\t\t\t\t\t\t\t\t\t<a href=\"https:\/\/bibliosinoint.ch\/wp\/fr\/2024\/01\/23\/un-regard-critique-sur-la-bibliotheque-sino-internationale-le-point-de-vue-de-john-otway-percy-bland\/\" target=\"_self\" rel=\"bookmark noopener noreferrer\"><img loading=\"lazy\" decoding=\"async\" width=\"150\" height=\"150\" src=\"https:\/\/bibliosinoint.ch\/wp\/wp-content\/uploads\/2024\/01\/Capture-decran-2024-01-18-a-14.04.24-150x150.png\" class=\"attachment-thumbnail size-thumbnail\" alt=\"\" srcset=\"https:\/\/bibliosinoint.ch\/wp\/wp-content\/uploads\/2024\/01\/Capture-decran-2024-01-18-a-14.04.24-150x150.png 150w, https:\/\/bibliosinoint.ch\/wp\/wp-content\/uploads\/2024\/01\/Capture-decran-2024-01-18-a-14.04.24-300x298.png 300w, https:\/\/bibliosinoint.ch\/wp\/wp-content\/uploads\/2024\/01\/Capture-decran-2024-01-18-a-14.04.24-1024x1019.png 1024w, https:\/\/bibliosinoint.ch\/wp\/wp-content\/uploads\/2024\/01\/Capture-decran-2024-01-18-a-14.04.24-768x764.png 768w, https:\/\/bibliosinoint.ch\/wp\/wp-content\/uploads\/2024\/01\/Capture-decran-2024-01-18-a-14.04.24.png 1138w\" sizes=\"auto, (max-width: 150px) 100vw, 150px\" \/>\t\t\t\t\t<\/a>\n\t\t\t\t\t\t\t\t\t<\/div>\n\t\t\t\n\t\t\t\t\t\t\t\t\t<\/article>\n\t\t\t\t\t\t\t\t\t\t\t\t\t\t\t\t<article class=\"uagb-post__inner-wrap\">\t\t\t\t\t\t\t\t<h5 class=\"uagb-post__title uagb-post__text\">\n\t\t\t\t<a href=\"https:\/\/bibliosinoint.ch\/wp\/fr\/2023\/10\/16\/lexposition-d-art-pictural-chinois-ancien-et-moderne-1947-au-musee-rath-un-instrument-de-transmission-culturelle\/\" target=\"_self\" rel=\"bookmark noopener noreferrer\">L\u2019exposition d\u2019\u00a0\u00ab\u00a0Art pictural chinois ancien et moderne\u00a0\u00bb (1947) au mus\u00e9e Rath: un instrument de transmission culturelle<\/a>\n\t\t\t<\/h5>\n\t\t\t\t\t\t<div class='uagb-post__text uagb-post-grid-byline'>\n\t\t\t\t\t\t\t<\/div>\n\t\t\t\t\t\t\t<div class='uagb-post__text uagb-post__excerpt'>\n\t\t\t\t\t<p>For art reveals a glimpse of the soul of a&#8230;\t\t\t\t<\/div>\n\t\t\t\t\t\t<div class=\"uagb-post__text uagb-post__cta wp-block-button\">\n\t\t\t\t<a class=\"wp-block-button__link uagb-text-link\" style=\"\" href=\"https:\/\/bibliosinoint.ch\/wp\/fr\/2023\/10\/16\/lexposition-d-art-pictural-chinois-ancien-et-moderne-1947-au-musee-rath-un-instrument-de-transmission-culturelle\/\" target=\"_self\" rel=\"bookmark noopener noreferrer\">Lire la suite<\/a>\n\t\t\t<\/div>\n\t\t\t\t\t\t<div class='uagb-post__image'>\n\t\t\t\t\t\t\t\t\t<a href=\"https:\/\/bibliosinoint.ch\/wp\/fr\/2023\/10\/16\/lexposition-d-art-pictural-chinois-ancien-et-moderne-1947-au-musee-rath-un-instrument-de-transmission-culturelle\/\" target=\"_self\" rel=\"bookmark noopener noreferrer\"><img loading=\"lazy\" decoding=\"async\" width=\"150\" height=\"150\" src=\"https:\/\/bibliosinoint.ch\/wp\/wp-content\/uploads\/2023\/10\/Musee-Rath-1947-150x150.jpg\" class=\"attachment-thumbnail size-thumbnail\" alt=\"\" \/>\t\t\t\t\t<\/a>\n\t\t\t\t\t\t\t\t\t<\/div>\n\t\t\t\n\t\t\t\t\t\t\t\t\t<\/article>\n\t\t\t\t\t\t\t\t\t\t\t\t\t\t\t\t<article class=\"uagb-post__inner-wrap\">\t\t\t\t\t\t\t\t<h5 class=\"uagb-post__title uagb-post__text\">\n\t\t\t\t<a href=\"https:\/\/bibliosinoint.ch\/wp\/fr\/2023\/09\/09\/lexposition-liu-yah-fan-a-la-bibliotheque-sino-internationale-1943-lart-comme-unificateur-du-monde\/\" target=\"_self\" rel=\"bookmark noopener noreferrer\">L\u2019exposition Liu Yah-Fan\u00a0\u00e0 la Biblioth\u00e8que Sino-Internationale (1943) : l\u2019Art comme \u00ab\u00a0Unificateur du Monde\u00a0\u00bb<\/a>\n\t\t\t<\/h5>\n\t\t\t\t\t\t<div class='uagb-post__text uagb-post-grid-byline'>\n\t\t\t\t\t\t\t<\/div>\n\t\t\t\t\t\t\t<div class='uagb-post__text uagb-post__excerpt'>\n\t\t\t\t\t<p>Entre le 4 septembre et le 4 octobre 1943, la&#8230;\t\t\t\t<\/div>\n\t\t\t\t\t\t<div class=\"uagb-post__text uagb-post__cta wp-block-button\">\n\t\t\t\t<a class=\"wp-block-button__link uagb-text-link\" style=\"\" href=\"https:\/\/bibliosinoint.ch\/wp\/fr\/2023\/09\/09\/lexposition-liu-yah-fan-a-la-bibliotheque-sino-internationale-1943-lart-comme-unificateur-du-monde\/\" target=\"_self\" rel=\"bookmark noopener noreferrer\">Lire la suite<\/a>\n\t\t\t<\/div>\n\t\t\t\t\t\t<div class='uagb-post__image'>\n\t\t\t\t\t\t\t\t\t<a href=\"https:\/\/bibliosinoint.ch\/wp\/fr\/2023\/09\/09\/lexposition-liu-yah-fan-a-la-bibliotheque-sino-internationale-1943-lart-comme-unificateur-du-monde\/\" target=\"_self\" rel=\"bookmark noopener noreferrer\"><img loading=\"lazy\" decoding=\"async\" width=\"109\" height=\"150\" src=\"https:\/\/bibliosinoint.ch\/wp\/wp-content\/uploads\/2023\/09\/3367full-pdf-109x150.jpg\" class=\"attachment-thumbnail size-thumbnail\" alt=\"\" \/>\t\t\t\t\t<\/a>\n\t\t\t\t\t\t\t\t\t<\/div>\n\t\t\t\n\t\t\t\t\t\t\t\t\t<\/article>\n\t\t\t\t\t\t\t\t\t\t\t\t\t\t\t\t<article class=\"uagb-post__inner-wrap\">\t\t\t\t\t\t\t\t<h5 class=\"uagb-post__title uagb-post__text\">\n\t\t\t\t<a href=\"https:\/\/bibliosinoint.ch\/wp\/fr\/2023\/05\/03\/ex-libris-de-la-bsi\/\" target=\"_self\" rel=\"bookmark noopener noreferrer\">Ex Libris de la BSI<\/a>\n\t\t\t<\/h5>\n\t\t\t\t\t\t<div class='uagb-post__text uagb-post-grid-byline'>\n\t\t\t\t\t\t\t<\/div>\n\t\t\t\t\t\t\t<div class='uagb-post__text uagb-post__excerpt'>\n\t\t\t\t\t<p>C&rsquo;est \u00e0 la graphiste genevoise H\u00e9l\u00e8ne Hantz (1877-1963) que la&#8230;\t\t\t\t<\/div>\n\t\t\t\t\t\t<div class=\"uagb-post__text uagb-post__cta wp-block-button\">\n\t\t\t\t<a class=\"wp-block-button__link uagb-text-link\" style=\"\" href=\"https:\/\/bibliosinoint.ch\/wp\/fr\/2023\/05\/03\/ex-libris-de-la-bsi\/\" target=\"_self\" rel=\"bookmark noopener noreferrer\">Lire la suite<\/a>\n\t\t\t<\/div>\n\t\t\t\t\t\t<div class='uagb-post__image'>\n\t\t\t\t\t\t\t\t\t<a href=\"https:\/\/bibliosinoint.ch\/wp\/fr\/2023\/05\/03\/ex-libris-de-la-bsi\/\" target=\"_self\" rel=\"bookmark noopener noreferrer\"><img loading=\"lazy\" decoding=\"async\" width=\"150\" height=\"150\" src=\"https:\/\/bibliosinoint.ch\/wp\/wp-content\/uploads\/2023\/03\/Exlibris-BSI-150x150.jpg\" class=\"attachment-thumbnail size-thumbnail\" alt=\"\" \/>\t\t\t\t\t<\/a>\n\t\t\t\t\t\t\t\t\t<\/div>\n\t\t\t\n\t\t\t\t\t\t\t\t\t<\/article>\n\t\t\t\t\t\t\t\t\t\t\t<\/div>\n\t\t\t<\/div>\n\n\n\n<div class=\"wp-block-columns is-layout-flex wp-container-core-columns-is-layout-24019fda wp-block-columns-is-layout-flex\" style=\"margin-top:0;margin-bottom:0;padding-top:0;padding-right:0;padding-bottom:0;padding-left:0\">\n<div class=\"wp-block-column is-layout-flow wp-container-core-column-is-layout-9d0a6dd9 wp-block-column-is-layout-flow\" style=\"padding-top:var(--wp--preset--spacing--30);padding-right:var(--wp--preset--spacing--20);padding-bottom:var(--wp--preset--spacing--30);padding-left:var(--wp--preset--spacing--20)\">\n<div class=\"wp-block-uagb-advanced-heading uagb-block-3a1f9df0\"><h4 class=\"uagb-heading-text\">Sessions du symposium<\/h4><\/div>\n\n\n\n<p>Les sessions se tiendront les jours suivants <\/p>\n\n\n\n<p><strong>Jeudi 11 avril 2024 13:30-17:00, <\/strong><br\/><strong>Vendredi 12 avril 09:00-12:00 et 14:00-17:00<\/strong><br\/><strong>Samedi 13 avril 09:00-13:00 <\/strong><\/p>\n\n\n\n<p>Cliquez <a href=\"https:\/\/bibliosinoint.ch\/wp\/fr\/symposium-bsi-2024\/symposium\/programme\/\" data-type=\"page\" data-id=\"578\">ici<\/a> pour un programme d\u00e9taill\u00e9<\/p>\n\n\n\n<p>Ce symposium se veut un lieu d&rsquo;\u00e9change et de discussion entre seize sp\u00e9cialistes qui se pencheront sur la Biblioth\u00e8que Sino-Internationale et sur les circonstances et le contexte de son action. Le symposium se concentre principalement sur la promotion des arts chinois : peinture, litt\u00e9rature, musique, th\u00e9\u00e2tre et op\u00e9ra.<\/p>\n<\/div>\n\n\n\n<div class=\"wp-block-column is-layout-flow wp-container-core-column-is-layout-7a61cca6 wp-block-column-is-layout-flow\" style=\"padding-top:var(--wp--preset--spacing--30);padding-right:var(--wp--preset--spacing--20);padding-bottom:var(--wp--preset--spacing--30);padding-left:var(--wp--preset--spacing--20)\">\n<div class=\"wp-block-uagb-advanced-heading uagb-block-aeab8630\"><h4 class=\"uagb-heading-text\">Manifestations publiques<\/h4><\/div>\n\n\n\n<p>JEUDI 11 AVRIL, 20:00<br\/><strong>Projection de film :<\/strong> <em>Amour et Devoir<\/em>, 1931.<\/p>\n\n\n\n<p>VENDREDI 12 AVRIL 2024, 19:30<br\/><strong>Concert : Musique et th\u00e9\u00e2tre chinois<\/strong> autour de la BSI<\/p>\n\n\n\n<p>SAMEDI 13 AVRIL, 20:00<br\/><strong>Projection de film<\/strong>: <em>Yulan<\/em>, 1929-1930<\/p>\n\n\n\n<p>DIMANCHE 14 AVRIL, 17H00<br\/>Neuch\u00e2tel, Haute \u00e9cole de musique, <br\/><strong>Concert : Musique et th\u00e9\u00e2tre chinois<\/strong> autour de la BSI<br\/><\/p>\n\n\n\n<p><\/p>\n<\/div>\n<\/div>\n\n\n\n<p class=\"bbk\">Ce site est multilingue et utilise des traductions automatiques r\u00e9vis\u00e9es.<\/p>\n<\/div><\/div>\n","protected":false},"excerpt":{"rendered":"<p>Ce site, blog et wiki est consacr\u00e9 \u00e0 la Biblioth\u00e8que Sino-Internationale (BSI), une importante biblioth\u00e8que\/centre culturel actif de 1933 \u00e0 1950 \u00e0 Gen\u00e8ve, en Suisse, et de 1951 \u00e0 1993 \u00e0 Montevideo, en Uruguay. Con\u00e7ue et g\u00e9r\u00e9e par des personnalit\u00e9s chinoises, la BSI visait \u00e0 instaurer une meilleure compr\u00e9hension entre la Chine et l&rsquo;Occident. Une [&hellip;]<\/p>\n","protected":false},"author":1,"featured_media":0,"parent":0,"menu_order":0,"comment_status":"closed","ping_status":"closed","template":"","meta":{"_eb_attr":"","_uag_custom_page_level_css":"","site-sidebar-layout":"no-sidebar","site-content-layout":"narrow-container","ast-site-content-layout":"full-width-container","site-content-style":"unboxed","site-sidebar-style":"unboxed","ast-global-header-display":"","ast-banner-title-visibility":"","ast-main-header-display":"","ast-hfb-above-header-display":"","ast-hfb-below-header-display":"","ast-hfb-mobile-header-display":"","site-post-title":"disabled","ast-breadcrumbs-content":"","ast-featured-img":"","footer-sml-layout":"","theme-transparent-header-meta":"","adv-header-id-meta":"","stick-header-meta":"","header-above-stick-meta":"","header-main-stick-meta":"","header-below-stick-meta":"","astra-migrate-meta-layouts":"default","ast-page-background-enabled":"default","ast-page-background-meta":{"desktop":{"background-color":"var(--ast-global-color-4)","background-image":"","background-repeat":"repeat","background-position":"center center","background-size":"auto","background-attachment":"scroll","background-type":"","background-media":"","overlay-type":"","overlay-color":"","overlay-gradient":""},"tablet":{"background-color":"","background-image":"","background-repeat":"repeat","background-position":"center center","background-size":"auto","background-attachment":"scroll","background-type":"","background-media":"","overlay-type":"","overlay-color":"","overlay-gradient":""},"mobile":{"background-color":"","background-image":"","background-repeat":"repeat","background-position":"center center","background-size":"auto","background-attachment":"scroll","background-type":"","background-media":"","overlay-type":"","overlay-color":"","overlay-gradient":""}},"ast-content-background-meta":{"desktop":{"background-color":"var(--ast-global-color-5)","background-image":"","background-repeat":"repeat","background-position":"center center","background-size":"auto","background-attachment":"scroll","background-type":"","background-media":"","overlay-type":"","overlay-color":"","overlay-gradient":""},"tablet":{"background-color":"var(--ast-global-color-5)","background-image":"","background-repeat":"repeat","background-position":"center center","background-size":"auto","background-attachment":"scroll","background-type":"","background-media":"","overlay-type":"","overlay-color":"","overlay-gradient":""},"mobile":{"background-color":"var(--ast-global-color-5)","background-image":"","background-repeat":"repeat","background-position":"center center","background-size":"auto","background-attachment":"scroll","background-type":"","background-media":"","overlay-type":"","overlay-color":"","overlay-gradient":""}},"footnotes":""},"class_list":["post-824","page","type-page","status-publish","hentry"],"uagb_featured_image_src":{"full":false,"thumbnail":false,"medium":false,"medium_large":false,"large":false,"1536x1536":false,"2048x2048":false},"uagb_author_info":{"display_name":"Xavier","author_link":"https:\/\/bibliosinoint.ch\/wp\/fr\/author\/xavier\/"},"uagb_comment_info":0,"uagb_excerpt":"Ce site, blog et wiki est consacr\u00e9 \u00e0 la Biblioth\u00e8que Sino-Internationale (BSI), une importante biblioth\u00e8que\/centre culturel actif de 1933 \u00e0 1950 \u00e0 Gen\u00e8ve, en Suisse, et de 1951 \u00e0 1993 \u00e0 Montevideo, en Uruguay. Con\u00e7ue et g\u00e9r\u00e9e par des personnalit\u00e9s chinoises, la BSI visait \u00e0 instaurer une meilleure compr\u00e9hension entre la Chine et l&rsquo;Occident. Une\u2026","_links":{"self":[{"href":"https:\/\/bibliosinoint.ch\/wp\/fr\/wp-json\/wp\/v2\/pages\/824","targetHints":{"allow":["GET"]}}],"collection":[{"href":"https:\/\/bibliosinoint.ch\/wp\/fr\/wp-json\/wp\/v2\/pages"}],"about":[{"href":"https:\/\/bibliosinoint.ch\/wp\/fr\/wp-json\/wp\/v2\/types\/page"}],"author":[{"embeddable":true,"href":"https:\/\/bibliosinoint.ch\/wp\/fr\/wp-json\/wp\/v2\/users\/1"}],"replies":[{"embeddable":true,"href":"https:\/\/bibliosinoint.ch\/wp\/fr\/wp-json\/wp\/v2\/comments?post=824"}],"version-history":[{"count":10,"href":"https:\/\/bibliosinoint.ch\/wp\/fr\/wp-json\/wp\/v2\/pages\/824\/revisions"}],"predecessor-version":[{"id":1200,"href":"https:\/\/bibliosinoint.ch\/wp\/fr\/wp-json\/wp\/v2\/pages\/824\/revisions\/1200"}],"wp:attachment":[{"href":"https:\/\/bibliosinoint.ch\/wp\/fr\/wp-json\/wp\/v2\/media?parent=824"}],"curies":[{"name":"wp","href":"https:\/\/api.w.org\/{rel}","templated":true}]}}